{"id":4891,"date":"2023-05-06T13:49:52","date_gmt":"2023-05-06T12:49:52","guid":{"rendered":"https:\/\/edgb.nl\/?page_id=4891"},"modified":"2023-05-06T14:05:20","modified_gmt":"2023-05-06T13:05:20","slug":"origineel-faur-l45h","status":"publish","type":"page","link":"https:\/\/edgb.nl\/?page_id=4891","title":{"rendered":"Origineel FAUR L45H"},"content":{"rendered":"<p><\/p>\n<h2 style=\"text-align: center;\"><a href=\"\/\/edgb.nl\/?page_id=4891\"><span style=\"color: #90090b;\">Origineel <\/span><\/a><span style=\"color: #808080;\">| <\/span><a href=\"\/\/edgb.nl\/?page_id=4892\"><span style=\"color: #808080;\">Model<\/span><\/a><span style=\"color: #808080;\"> | <\/span><a href=\"\/\/edgb.nl\/?page_id=4893\"><span style=\"color: #808080;\">Prijzen<\/span><\/a><\/h2>\n<h4>FAUR L45H<\/h4>\n<p>Die Fahrzeuge des Typs L45H des rum\u00e4nischen Fahrzeug- und Maschinenherstellers FAUR sind schmalspurige Diesellokomotiven. Sie wurden zwischen 1967 und 1985 in zwei Bauarten an Industriebetriebe und Waldbahnen, als auch an die Staatsbahnen in Rum\u00e4nien, Polen und Ungarn geliefert. <\/p>\n<p>Polen: Die polnische Staatsbahn PKP beschaffte 165 Maschinen mit Spurweiten von 750, 785 und 1000\u202fmm.<\/p>\n<p>Rum\u00e4nien: In Rum\u00e4nien wurden 112 Lokomotiven u.\u202fa. durch die C\u0103ile Ferate Industri und die C\u0103ile Ferate Forestiere eingesetzt, von denen aber viele inzwischen ins Ausland verkauft wurden.<\/p>\n<p>Ungarn: 1972 wurden zehn Lokomotiven an die M\u00c1V geliefert. Die Mk45 2001 bis 2006 kamen bei der Kindereisenbahn Budapest zum Einsatz, die 2007 bis 2010 bei der Hegyk\u00f6zer Schmalspurbahn, nach deren Einstellung bis zur \u00dcberstellung nach Budapest 1994 bei der Ny\u00edrvid\u00e9ker Schmalspurbahn (Ny\u00edregyh\u00e1za\u2013Dombr\u00e1d bzw. Ny\u00edregyh\u00e1za\u2013Balsa). S\u00e4mtliche Lokomotiven wurden f\u00fcr eine Spurweite von 760\u202fmm ausgelegt. Bei der Kindereisenbahn erbringen diese Lokomotiven den t\u00e4glichen Betrieb.<br \/>\nSp\u00e4terer Verbleib<\/p>\n<p>Deutschland: Erst nach der deutschen Wiedervereinigung kamen Lokomotiven mit 750\u202fmm Spurweite zum Einsatz. Drei der Schmalspurfahrzeuge geh\u00f6ren der S\u00e4chsischen Dampfeisenbahngesellschaft. Diese setzt die Lokomotiven im Dienst- und Verst\u00e4rkerverkehr ein. Zwei weitere Lokomotiven wurden als Ersatzteilspender angekauft. Au\u00dferdem besitzt die S\u00e4chsisch-Oberlausitzer Eisenbahngesellschaft seit Ende 2009 eine Maschine dieses Typs. Die ehemalige 87-0029 wurde in Zittau ab September 2011 modernisiert und remotorisiert als 199\u202f018 eingesetzt. Sie wurde mit Videokameras in den Frontlampen ausger\u00fcstet, wodurch der Einmannbetrieb m\u00f6glich ist. Zwei weitere Lokomotiven (87-0024 und 0026) dienen als Ersatzteilspender.<\/p>\n<p>Frankreich: Die Chemins de fer de la Corse kaufte Mitte 2004 insgesamt neun Loks \u00fcber ihr Konsortium MetricRail und lie\u00df sie auf 1000\u202fmm (Meterspur) umspuren. Nach anf\u00e4nglichen Schwierigkeiten, bedingt durch die gro\u00dfen Steigungen und Temperaturunterschiede auf Korsika, erhielten die Maschinen neue Dieselmotoren. Sie werden heute im Bauzugdienst eingesetzt.[2]<\/p>\n<p>\u00d6sterreich: Die \u00d6sterreichische Gesellschaft f\u00fcr Lokalbahnen (\u00d6GLB) hat 2002 die L45H-089 der Werkbahn des rum\u00e4nischen Kupferbergwerkes Suior f\u00fcr ihren Museumsbetrieb auf der Bergstrecke der Ybbstalbahn erworben und in 2099.01 umgezeichnet. Die Maschine wurde aufgearbeitet, um f\u00fcr Bau- und Museumsz\u00fcge Verwendung zu finden.[3]<\/p>\n<p>Die Marktgemeinde Stainz hat 2010 die L45H-070 von der rum\u00e4nischen Schmalspurbahn S.C. Calea Ferata Ingusta S.R.L. in Criscior bei Brad erworben und setzt sie seit ihrer Zulassung im Mai 2012 f\u00fcr den Museumsverkehr auf der Stainzerbahn ein.<\/p>\n<p>Schweiz: Das Fahrleitungsbauunternehmen Furrer+Frey erwarb 2014 eine Lokomotive (CFR 87-0023-9) aus Rum\u00e4nien, die nach Umspurung auf 1000\u202fmm und diversen Umbauten unter der Nummer Gmf\u202f4\/4\u202f90 vor Bauz\u00fcgen des Unternehmens zum Einsatz kommt.[4]<\/p>\n<p>Serbien: Die Serbischen Staatsbahnen erwarben vier Lokomotiven f\u00fcr den Betrieb der Touristik- und Museumsbahn \u0160arganska osmica in Westserbien. Sie erhielten unter Beibehaltung der Ordnungsnummern die Baureihenbezeichnung 745.<\/p>\n<p>Russland: Die Lokomotive L45H-\u211624070 (\u042248-001) befindet sich im Schmalspurbahnmuseum Jekaterinburg. <\/p>\n<p>Quelle: Wikipedia<br \/>\n<\/p>","protected":false},"excerpt":{"rendered":"<p>Origineel | Model | Prijzen FAUR L45H Die Fahrzeuge des Typs L45H des rum\u00e4nischen Fahrzeug- und Maschinenherstellers FAUR sind schmalspurige<\/p>\n","protected":false},"author":4,"featured_media":0,"parent":4890,"menu_order":10,"comment_status":"closed","ping_status":"closed","template":"","meta":{"colormag_page_container_layout":"default_layout","colormag_page_sidebar_layout":"default_layout","footnotes":""},"class_list":["post-4891","page","type-page","status-publish","hentry"],"jetpack_sharing_enabled":true,"_links":{"self":[{"href":"https:\/\/edgb.nl\/index.php?rest_route=\/wp\/v2\/pages\/4891","targetHints":{"allow":["GET"]}}],"collection":[{"href":"https:\/\/edgb.nl\/index.php?rest_route=\/wp\/v2\/pages"}],"about":[{"href":"https:\/\/edgb.nl\/index.php?rest_route=\/wp\/v2\/types\/page"}],"author":[{"embeddable":true,"href":"https:\/\/edgb.nl\/index.php?rest_route=\/wp\/v2\/users\/4"}],"replies":[{"embeddable":true,"href":"https:\/\/edgb.nl\/index.php?rest_route=%2Fwp%2Fv2%2Fcomments&post=4891"}],"version-history":[{"count":8,"href":"https:\/\/edgb.nl\/index.php?rest_route=\/wp\/v2\/pages\/4891\/revisions"}],"predecessor-version":[{"id":4918,"href":"https:\/\/edgb.nl\/index.php?rest_route=\/wp\/v2\/pages\/4891\/revisions\/4918"}],"up":[{"embeddable":true,"href":"https:\/\/edgb.nl\/index.php?rest_route=\/wp\/v2\/pages\/4890"}],"wp:attachment":[{"href":"https:\/\/edgb.nl\/index.php?rest_route=%2Fwp%2Fv2%2Fmedia&parent=4891"}],"curies":[{"name":"wp","href":"https:\/\/api.w.org\/{rel}","templated":true}]}}