{"id":2892,"date":"2018-08-08T12:50:48","date_gmt":"2018-08-08T11:50:48","guid":{"rendered":"https:\/\/edgb.nl\/?page_id=2892"},"modified":"2020-04-10T12:32:40","modified_gmt":"2020-04-10T11:32:40","slug":"origineel","status":"publish","type":"page","link":"https:\/\/edgb.nl\/?page_id=2892","title":{"rendered":"Origineel"},"content":{"rendered":"<p><\/p>\n<h2 style=\"text-align: center;\"><a href=\"\/\/edgb.nl\/?page_id=2892\"><span style=\"color: #90090b;\">Origineel <\/span><\/a><span style=\"color: #808080;\">| <\/span><a href=\"\/\/edgb.nl\/?page_id=2895\"><span style=\"color: #808080;\">Model<\/span><\/a><span style=\"color: #808080;\"> | <\/span><a href=\"\/\/edgb.nl\/?page_id=2896\"><span style=\"color: #808080;\">Prijzen<\/span><\/a><\/h2>\n<p>De Ge 3\/3 is een elektrische rangeerlocomotief van de Rh\u00e4tische Bahn. Begin jaren 80 waren de rangeerlocomotieven een knelpunt bij de Rh\u00e4tische Bahn (RhB), de belangrijkste spoorwegmaatschappij in het Zwitserse kanton Graub\u00fcnden, omdat de omgebouwde 70 jaar oude locomotieven uit de serie Ge 2\/4 steeds meer last kregen van hun ouderdom. Hun prestaties waren niet langer goed genoeg om nog rendabel te zijn. De Rh\u00e4tische Bahn besloot daarom om tegelijk met de bestelling van de tweede serie RhB Ge 4\/4 II ook twee moderne en effici\u00ebnte rangeerlocomotieven aan te kopen.<\/p>\n<p>De Ge 3\/3 werd in 1984 in dienst genomen door de RhB. De elektrische locomotieven met nummers 214 en 215 zijn nog steeds in dienst als rangeerlocomotieven op het 1000mm meterspoor van de RhB. <\/p>\n<p><\/p>","protected":false},"excerpt":{"rendered":"<p>Origineel | Model | Prijzen De Ge 3\/3 is een elektrische rangeerlocomotief van de Rh\u00e4tische Bahn. Begin jaren 80 waren<\/p>\n","protected":false},"author":4,"featured_media":0,"parent":2889,"menu_order":10,"comment_status":"closed","ping_status":"closed","template":"","meta":{"colormag_page_container_layout":"default_layout","colormag_page_sidebar_layout":"default_layout","footnotes":""},"class_list":["post-2892","page","type-page","status-publish","hentry"],"jetpack_sharing_enabled":true,"_links":{"self":[{"href":"https:\/\/edgb.nl\/index.php?rest_route=\/wp\/v2\/pages\/2892","targetHints":{"allow":["GET"]}}],"collection":[{"href":"https:\/\/edgb.nl\/index.php?rest_route=\/wp\/v2\/pages"}],"about":[{"href":"https:\/\/edgb.nl\/index.php?rest_route=\/wp\/v2\/types\/page"}],"author":[{"embeddable":true,"href":"https:\/\/edgb.nl\/index.php?rest_route=\/wp\/v2\/users\/4"}],"replies":[{"embeddable":true,"href":"https:\/\/edgb.nl\/index.php?rest_route=%2Fwp%2Fv2%2Fcomments&post=2892"}],"version-history":[{"count":8,"href":"https:\/\/edgb.nl\/index.php?rest_route=\/wp\/v2\/pages\/2892\/revisions"}],"predecessor-version":[{"id":3957,"href":"https:\/\/edgb.nl\/index.php?rest_route=\/wp\/v2\/pages\/2892\/revisions\/3957"}],"up":[{"embeddable":true,"href":"https:\/\/edgb.nl\/index.php?rest_route=\/wp\/v2\/pages\/2889"}],"wp:attachment":[{"href":"https:\/\/edgb.nl\/index.php?rest_route=%2Fwp%2Fv2%2Fmedia&parent=2892"}],"curies":[{"name":"wp","href":"https:\/\/api.w.org\/{rel}","templated":true}]}}